{"id":21,"date":"2025-11-17T01:20:09","date_gmt":"2025-11-17T01:20:09","guid":{"rendered":"https:\/\/bigdonut.servebeer.com\/?page_id=21"},"modified":"2025-12-08T01:20:14","modified_gmt":"2025-12-08T01:20:14","slug":"sobre_nosotros","status":"publish","type":"page","link":"https:\/\/bigdonut.servebeer.com\/?page_id=21","title":{"rendered":"Sobre nosotros"},"content":{"rendered":"\n<p>\u00a1Bienvenidos a la p\u00e1gina de la Gran Rosquilla! Somos una tienda que se especializa en la fabricaci\u00f3n de postres y productos dulces, preparamos muchos postres de sabores que podr\u00e1n alegrarte el d\u00eda, tenemos recetas \u00fanicas y los sabores de nuestras rosquillas es exquisito.<\/p>\n\n\n\n<p>Nosotros como tienda nos comprometemos a brindar una experiencia \u00fanica tem\u00e1tica con una de tus series favoritas, trayendo a la vida a una de las tiendas m\u00e1s particulares de la serie, \u00a1La Gran Rosquilla!.<\/p>\n\n\n\n<h2 class=\"wp-block-heading\">Quienes somos:<\/h2>\n\n\n\n<div class=\"wp-block-columns is-layout-flex wp-container-core-columns-is-layout-28f84493 wp-block-columns-is-layout-flex\">\n<div class=\"wp-block-column is-layout-flow wp-block-column-is-layout-flow\">\n<figure class=\"wp-block-image aligncenter size-full is-resized\"><img loading=\"lazy\" decoding=\"async\" width=\"166\" height=\"218\" src=\"https:\/\/bigdonut.servebeer.com\/wp-content\/uploads\/2025\/11\/imagen_2025-11-30_130121779.png\" alt=\"\" class=\"wp-image-228\" style=\"width:237px;height:auto\"\/><\/figure>\n<\/div>\n\n\n\n<div class=\"wp-block-column is-layout-flow wp-block-column-is-layout-flow\">\n<p>En La Gran Rosquilla creemos que una buena dona puede alegrar el d\u00eda de cualquiera. Somos una tienda dedicada a preparar donas artesanales, frescas y con recetas irresistibles. Cada pieza est\u00e1 hecha con dedicaci\u00f3n, ingredientes seleccionados y un toque especial que le da vida a nuestra marca.<\/p>\n\n\n\n<p>Nuestra prioridad es ofrecer la mejor experiencia para los clientes, por lo que ofrecemos un servicio dedicado a la satisfacci\u00f3n de cada uno de forma personal, atendiendo con mucho gusto a todas las personas que gusten a pasar por una deliciosa dona.<\/p>\n<\/div>\n<\/div>\n\n\n\n<h2 class=\"wp-block-heading\">Nuestra historia:<\/h2>\n\n\n\n<div class=\"wp-block-columns is-layout-flex wp-container-core-columns-is-layout-28f84493 wp-block-columns-is-layout-flex\">\n<div class=\"wp-block-column is-layout-flow wp-block-column-is-layout-flow\">\n<p>La tienda fue creada con la intenci\u00f3n de representar la tienda ficticia de La Gran Rosquilla, ofreciendo una experiencia \u00fanica para los clientes que deseen poder entrar a este mundo fant\u00e1stico a trav\u00e9s de nuestros deliciosos postres.<\/p>\n\n\n\n<p>Empezamos como un peque\u00f1o negocio de donas dedicado a crear donas de forma artesanal, preparando a mano la masa para las donas y utilizando ingredientes frescos.<\/p>\n\n\n\n<p>Con el pasar del tiempo, fuimos perfeccionando el negocio, mejorando las recetas, ingredientes y nuestras ganas de ofrecer los mejores productos a nuestros clientes solo crecieron.<\/p>\n<\/div>\n\n\n\n<div class=\"wp-block-column is-layout-flow wp-block-column-is-layout-flow\">\n<figure class=\"wp-block-image aligncenter size-full is-resized\"><img loading=\"lazy\" decoding=\"async\" width=\"490\" height=\"277\" src=\"https:\/\/bigdonut.servebeer.com\/wp-content\/uploads\/2025\/11\/imagen_2025-11-27_163024780.png\" alt=\"\" class=\"wp-image-162\" style=\"width:540px;height:auto\" srcset=\"https:\/\/bigdonut.servebeer.com\/wp-content\/uploads\/2025\/11\/imagen_2025-11-27_163024780.png 490w, https:\/\/bigdonut.servebeer.com\/wp-content\/uploads\/2025\/11\/imagen_2025-11-27_163024780-300x170.png 300w, https:\/\/bigdonut.servebeer.com\/wp-content\/uploads\/2025\/11\/imagen_2025-11-27_163024780-200x113.png 200w\" sizes=\"auto, (max-width: 490px) 100vw, 490px\" \/><\/figure>\n<\/div>\n<\/div>\n\n\n\n<h2 class=\"wp-block-heading\">Nuestro objetivo:<\/h2>\n\n\n\n<div class=\"wp-block-columns is-layout-flex wp-container-core-columns-is-layout-28f84493 wp-block-columns-is-layout-flex\">\n<div class=\"wp-block-column is-layout-flow wp-block-column-is-layout-flow\">\n<figure class=\"wp-block-image aligncenter size-full is-resized\"><img loading=\"lazy\" decoding=\"async\" width=\"309\" height=\"213\" src=\"https:\/\/bigdonut.servebeer.com\/wp-content\/uploads\/2025\/11\/imagen_2025-11-30_133358270.png\" alt=\"\" class=\"wp-image-229\" style=\"width:540px;height:auto\" srcset=\"https:\/\/bigdonut.servebeer.com\/wp-content\/uploads\/2025\/11\/imagen_2025-11-30_133358270.png 309w, https:\/\/bigdonut.servebeer.com\/wp-content\/uploads\/2025\/11\/imagen_2025-11-30_133358270-300x207.png 300w, https:\/\/bigdonut.servebeer.com\/wp-content\/uploads\/2025\/11\/imagen_2025-11-30_133358270-200x138.png 200w\" sizes=\"auto, (max-width: 309px) 100vw, 309px\" \/><\/figure>\n<\/div>\n\n\n\n<div class=\"wp-block-column is-layout-flow wp-block-column-is-layout-flow\">\n<p>Queremos crear las donas m\u00e1s deliciosas de la forma m\u00e1s accesible posible para toda la comunidad, manteniendo un est\u00e1ndar de calidad alto para asegurar que cada producto sea del agrado de todos, desde el primer bocado hasta el \u00faltimo.<\/p>\n\n\n\n<p>Los principales valores que queremos representar son la calidad, cercan\u00eda, creatividad y compromiso, manteniendo estos ideales con nuestros clientes creemos que podemos ser la mejor opci\u00f3n para muchos y el mejor gusto que las personas pueden tener probando postres.<\/p>\n<\/div>\n<\/div>\n\n\n\n<h2 class=\"wp-block-heading\">Nuestro equipo:<\/h2>\n\n\n\n<div class=\"wp-block-columns is-layout-flex wp-container-core-columns-is-layout-28f84493 wp-block-columns-is-layout-flex\">\n<div class=\"wp-block-column is-layout-flow wp-block-column-is-layout-flow\">\n<p>Tras bambalinas, tenemos a un equipo que prepara cada dona de forma especial y apasionada por la reposter\u00eda, ofreciendo un trato digno para todos y una atenci\u00f3n al cliente impecable, esperando que cada cliente consiga una sonrisa del gusto.<\/p>\n\n\n\n<p>Nuestro equipo disfruta siempre de atender a todos con una sonrisa, \u00a1te agradeceremos siempre que seas amable con nosotros!.<\/p>\n<\/div>\n\n\n\n<div class=\"wp-block-column is-layout-flow wp-block-column-is-layout-flow\">\n<figure class=\"wp-block-image aligncenter size-full is-resized\"><img loading=\"lazy\" decoding=\"async\" width=\"308\" height=\"216\" src=\"https:\/\/bigdonut.servebeer.com\/wp-content\/uploads\/2025\/11\/imagen_2025-11-30_141548003.png\" alt=\"\" class=\"wp-image-232\" style=\"width:382px;height:auto\" srcset=\"https:\/\/bigdonut.servebeer.com\/wp-content\/uploads\/2025\/11\/imagen_2025-11-30_141548003.png 308w, https:\/\/bigdonut.servebeer.com\/wp-content\/uploads\/2025\/11\/imagen_2025-11-30_141548003-300x210.png 300w, https:\/\/bigdonut.servebeer.com\/wp-content\/uploads\/2025\/11\/imagen_2025-11-30_141548003-200x140.png 200w\" sizes=\"auto, (max-width: 308px) 100vw, 308px\" \/><\/figure>\n<\/div>\n<\/div>\n\n\n\n<h2 class=\"wp-block-heading\">Ub\u00edcanos:<\/h2>\n\n\n\n<div class=\"wp-block-columns is-layout-flex wp-container-core-columns-is-layout-28f84493 wp-block-columns-is-layout-flex\">\n<div class=\"wp-block-column is-layout-flow wp-block-column-is-layout-flow\">\n<figure class=\"wp-block-image size-full\"><img loading=\"lazy\" decoding=\"async\" width=\"681\" height=\"493\" src=\"https:\/\/bigdonut.servebeer.com\/wp-content\/uploads\/2025\/11\/imagen_2025-11-30_143700597.png\" alt=\"\" class=\"wp-image-235\" srcset=\"https:\/\/bigdonut.servebeer.com\/wp-content\/uploads\/2025\/11\/imagen_2025-11-30_143700597.png 681w, https:\/\/bigdonut.servebeer.com\/wp-content\/uploads\/2025\/11\/imagen_2025-11-30_143700597-300x217.png 300w, https:\/\/bigdonut.servebeer.com\/wp-content\/uploads\/2025\/11\/imagen_2025-11-30_143700597-200x145.png 200w\" sizes=\"auto, (max-width: 681px) 100vw, 681px\" \/><\/figure>\n<\/div>\n\n\n\n<div class=\"wp-block-column is-layout-flow wp-block-column-is-layout-flow\">\n<p>Nuestro establecimiento se ubica en el malec\u00f3n de la paz, encu\u00e9ntranos, disfruta de nuestras promociones para comprar donas a buenos precios adquiriendo una experiencia de sabor \u00fanica sin comparaci\u00f3n, disfrutando de la bella vista para todas las personas en el lugar, \u00a1es una experiencia sin igual!.<\/p>\n<\/div>\n<\/div>\n","protected":false},"excerpt":{"rendered":"<p>\u00a1Bienvenidos a la p\u00e1gina de la Gran Rosquilla! Somos una tienda que se especializa en la fabricaci\u00f3n de postres y [&hellip;]<\/p>\n","protected":false},"author":1,"featured_media":0,"parent":0,"menu_order":0,"comment_status":"closed","ping_status":"closed","template":"","meta":{"site-sidebar-layout":"default","site-content-layout":"","ast-site-content-layout":"default","site-content-style":"default","site-sidebar-style":"default","ast-global-header-display":"","ast-banner-title-visibility":"","ast-main-header-display":"","ast-hfb-above-header-display":"","ast-hfb-below-header-display":"","ast-hfb-mobile-header-display":"","site-post-title":"","ast-breadcrumbs-content":"","ast-featured-img":"","footer-sml-layout":"","theme-transparent-header-meta":"","adv-header-id-meta":"","stick-header-meta":"","header-above-stick-meta":"","header-main-stick-meta":"","header-below-stick-meta":"","astra-migrate-meta-layouts":"default","ast-page-background-enabled":"default","ast-page-background-meta":{"desktop":{"background-color":"var(--ast-global-color-5)","background-image":"","background-repeat":"repeat","background-position":"center center","background-size":"auto","background-attachment":"scroll","background-type":"","background-media":"","overlay-type":"","overlay-color":"","overlay-opacity":"","overlay-gradient":""},"tablet":{"background-color":"","background-image":"","background-repeat":"repeat","background-position":"center center","background-size":"auto","background-attachment":"scroll","background-type":"","background-media":"","overlay-type":"","overlay-color":"","overlay-opacity":"","overlay-gradient":""},"mobile":{"background-color":"","background-image":"","background-repeat":"repeat","background-position":"center center","background-size":"auto","background-attachment":"scroll","background-type":"","background-media":"","overlay-type":"","overlay-color":"","overlay-opacity":"","overlay-gradient":""}},"ast-content-background-meta":{"desktop":{"background-color":"var(--ast-global-color-4)","background-image":"","background-repeat":"repeat","background-position":"center center","background-size":"auto","background-attachment":"scroll","background-type":"","background-media":"","overlay-type":"","overlay-color":"","overlay-opacity":"","overlay-gradient":""},"tablet":{"background-color":"var(--ast-global-color-4)","background-image":"","background-repeat":"repeat","background-position":"center center","background-size":"auto","background-attachment":"scroll","background-type":"","background-media":"","overlay-type":"","overlay-color":"","overlay-opacity":"","overlay-gradient":""},"mobile":{"background-color":"var(--ast-global-color-4)","background-image":"","background-repeat":"repeat","background-position":"center center","background-size":"auto","background-attachment":"scroll","background-type":"","background-media":"","overlay-type":"","overlay-color":"","overlay-opacity":"","overlay-gradient":""}},"footnotes":""},"class_list":["post-21","page","type-page","status-publish","hentry"],"_links":{"self":[{"href":"https:\/\/bigdonut.servebeer.com\/index.php?rest_route=\/wp\/v2\/pages\/21","targetHints":{"allow":["GET"]}}],"collection":[{"href":"https:\/\/bigdonut.servebeer.com\/index.php?rest_route=\/wp\/v2\/pages"}],"about":[{"href":"https:\/\/bigdonut.servebeer.com\/index.php?rest_route=\/wp\/v2\/types\/page"}],"author":[{"embeddable":true,"href":"https:\/\/bigdonut.servebeer.com\/index.php?rest_route=\/wp\/v2\/users\/1"}],"replies":[{"embeddable":true,"href":"https:\/\/bigdonut.servebeer.com\/index.php?rest_route=%2Fwp%2Fv2%2Fcomments&post=21"}],"version-history":[{"count":17,"href":"https:\/\/bigdonut.servebeer.com\/index.php?rest_route=\/wp\/v2\/pages\/21\/revisions"}],"predecessor-version":[{"id":276,"href":"https:\/\/bigdonut.servebeer.com\/index.php?rest_route=\/wp\/v2\/pages\/21\/revisions\/276"}],"wp:attachment":[{"href":"https:\/\/bigdonut.servebeer.com\/index.php?rest_route=%2Fwp%2Fv2%2Fmedia&parent=21"}],"curies":[{"name":"wp","href":"https:\/\/api.w.org\/{rel}","templated":true}]}}